{"id":584,"date":"2025-10-09T09:22:55","date_gmt":"2025-10-09T09:22:55","guid":{"rendered":"https:\/\/albergatori-tropea.ms3.decms.eu\/cookie-policy\/"},"modified":"2025-10-09T09:40:04","modified_gmt":"2025-10-09T09:40:04","slug":"cookie-policy","status":"publish","type":"page","link":"https:\/\/www.albergatoritropea.it\/en\/cookie-policy\/","title":{"rendered":"Cookie policy"},"content":{"rendered":"<p>I cookie sono file di testo che vengono scaricati sul dispositivo quando visiti un sito.<\/p>\n<a href=\"#dedge-didomi-show-cookie-preferences\" class=\"dedge-didomi-preferences-button\">Consent preferences<\/a>\n<p>Essi consentono a un sito web di riconoscere il dispositivo dell&#8217;utente e le sue preferenze ed hanno finalit\u00e0 differenti come ad esempio permettere una navigazione migliore sul sito stesso o ricordare le preferenze dell&#8217;utente. In base alla loro finalit\u00e0 ed utilizzo i cookie possono suddividersi in: cookie tecnici; cookie di profilazione; cookie di terze parti.<\/p>\n<p><strong>Le impostazioni dei cookie su questo sito<\/strong><br \/>\nCookie tecnici I cookie tecnici sono quelli il cui utilizzo non richiede un consenso dell&#8217;Utente ai sensi dell&#8217;art 122 comma 1 del D.Lgs. 196\/2003. Tra questi segnaliamo quelli strettamente necessari senza i quali non sarebbe possibile utilizzare a pieno il sito. Questi cookie vengono utilizzati esclusivamente dal sito e sono cookie di prima parte. L&#8217;elenco dei cookie tecnici utilizzati sul sito, e la possibilit\u00e0 di disabilitarli, possono essere trovati in fondo alla pagina. Cookie di profilazione Su questo sito non sono presenti cookie di profilazione di prima parte.Cookie di terze parti Il presente sito web fa uso di cookie di terze parti, ovvero cookie gestiti ed analizzati da altri siti. Questi cookie vengono conservati sul dispositivo dell&#8217;utente attraverso l&#8217;uso di plugin o parti di codice generati direttamente dai siti fornitori.<\/p>\n<p>Nel dettaglio: Il sito include alcuni plugin di google Analytics che sono utilizzati per raccogliere ed analizzare dati di traffico e utilizzo del sito in modo anonimo. Questi cookie consentono di monitorare il sistema e migliorare usabilit\u00e0 e prestazioni. Questo sito non utilizza (e non consente a terzi di utilizzare) lo strumento di analisi di Google per monitorare o per raccogliere informazioni personali di identificazione. Google non associa l&#8217;indirizzo IP a nessun altro dato posseduto da Google n\u00e9 cerca di collegare un indirizzo IP con l&#8217;identit\u00e0 di un utente. Google pu\u00f2 anche comunicare queste informazioni a terzi ove ci\u00f2 sia imposto dalla legge o laddove tali terzi trattino le suddette informazioni per conto di Google.<\/p>\n<p>Per ulteriori informazioni, si rinvia al link di seguito indicato: https:\/\/www.google.it\/polidcies\/privacy\/partners\/ L&#8217;utente pu\u00f2 disabilitare Google Analytics al seguente link: https:\/\/tools.google.com\/dlpage\/gaoptout Questo sito utilizza social plugin che fanno s\u00ec che venga conservato un cookie inviato e trattato dai social stessi.<\/p>\n<p>Si tratta di parti della pagina generata direttamente dai siti dei social. La possibile presenza di video da Youtube e mappe da Google Maps sul sito comporta che vengano conservati dei cookie da parte di Google e la loro trasmissione da e verso siti gestiti da terze parti. La presenza di cookie di terze parti infine comporta la trasmissione dei cookie da e verso tutti i siti gestiti da terze parti ed \u00e8 disciplinata dalle relative informative a cui fare riferimento che si trovano in fondo alla presente informativa.<\/p>\n<p><strong>Disabilitazione dei cookies<\/strong><br \/>\nFermo restando quanto sopra indicato in ordine ai cookie strettamente necessari alla navigazione, l&#8217;utente pu\u00f2 eliminare i cookie attraverso gli strumenti preposti presenti in fondo alla presente informativa e cancellarli tramite il proprio browser.<br \/>\nOgni browser ha differenti procedure per gestire le preferenze. Si possono ricevere istruzioni dettagliate utilizzando i link sottostanti.Microsoft Windows Explorer, come abilitare\/disabilitare i cookieGoogle Chrome, gestione dei cookieMozilla Firefox, attivare e disattivare i cookieApple Safari, gestire i cookie<\/p>\n<p><strong>Cookie tecnici<\/strong><br \/>\nCookie di sessione: Questo cookie di sessione etichetta l&#8217;utente con un ID durante l&#8217;utilizzo del sito in modo tale che i web server possano rispondere alle sue richieste (es. fornendo informazioni mirate).<br \/>\nInformazioni: Durata: Sessione_cookiepolicy: Questo cookie tiene traccia se un utente ha accettato o meno l&#8217;uso dei diversi tipi di cookie del sito web. Il cookie \u00e8 di tipo permanente ed \u00e8 cancellato in caso di sue modifiche.<br \/>\nInformazioni: Durata: SessioneGoogle Analytics: Su questo sito si utilizza un servizio di analisi web fornito da Google Inc. I cookie vengono elaborati allo scopo di redigere report statistici, di tipo aggregato, utili per valutare come il sito viene utilizzato da parte del visitatore.Informazioni: Link informativa<\/p>\n<p><strong>Cookie di terze parti<\/strong><br \/>\nOpen Street Map:<br \/>\nQuesto cookie viene elaborato\u00a0 al fine di fornire contenuti pertinenti alla navigazione e alle preferenze dell&#8217;utente; Su questo sito, Open Street Map viene utilizzato esclusivamente per visualizzare la posizione dell&#8217;aziendaInformazioni:\u00a0<a href=\"https:\/\/wiki.osmfoundation.org\/wiki\/About\">link<\/a>Google Analytics<br \/>\nGoogle Analytics \u00e8 un servizio di Web Analytics, fornito da Google, che consente di analizzare delle dettagliate statistiche sui visitatori del nostro sito web; \u00e8 stata impostata la funzione di anonimizzazione, che lo rende equiparabile ad un cookie tecnico.<\/p>\n<p>Luogo del trattamento: USA \u2013 Privacy Policy &#8211; Vai al sito ufficiale per ulteriori informazioni<br \/>\nFinalit\u00e0 Speciali- Garantire la sicurezza, prevenire frodi e debug- Selezionare contenuti personalizzatiFunzionalit\u00e0- Abbinare e combinare fonti di dati offline- Collegare diversi dispositivi<\/p>\n","protected":false},"excerpt":{"rendered":"<p>I cookie sono file di testo che vengono scaricati sul dispositivo quando visiti un sito. Essi consentono a un sito web di riconoscere il dispositivo dell&#8217;utente e le sue preferenze ed hanno finalit\u00e0 differenti come ad esempio permettere una navigazione migliore sul sito stesso o ricordare le preferenze dell&#8217;utente. In base alla loro finalit\u00e0 ed [&hellip;]<\/p>\n","protected":false},"author":8,"featured_media":0,"parent":0,"menu_order":998,"comment_status":"closed","ping_status":"closed","template":"","meta":{"footnotes":""},"class_list":["post-584","page","type-page","status-publish","hentry"],"yoast_head":"<!-- This site is optimized with the Yoast SEO plugin v26.9 - https:\/\/yoast.com\/product\/yoast-seo-wordpress\/ -->\n<title>Cookie policy | Albergatori Tropea |<\/title>\n<meta name=\"description\" content=\"I cookie sono file di testo che vengono scaricati sul dispositivo quando visiti un sito.  [dedge_didomi_preferences]Consent preferences[\/dedge_didomi_preferences]  Essi consentono a un sito web di riconoscere il dispositivo dell&#039;utente e le sue preferenze ed hanno finalit\u00e0 differenti come ad esempio permettere una navigazione migliore sul sito stesso o ricordare le preferenze dell&#039;utente. In base alla loro finalit\u00e0 ed utilizzo i cookie possono suddividersi in: cookie tecnici; cookie di profilazione; cookie di terze parti.  Le impostazioni dei cookie su questo sito Cookie tecnici I cookie tecnici sono quelli il cui utilizzo non richiede un consenso dell&#039;Utente ai sensi dell&#039;art 122 comma 1 del D.Lgs\" \/>\n<meta name=\"robots\" content=\"index, follow, max-snippet:-1, max-image-preview:large, max-video-preview:-1\" \/>\n<link rel=\"canonical\" href=\"https:\/\/www.albergatoritropea.it\/en\/cookie-policy\/\" \/>\n<meta property=\"og:locale\" content=\"en_US\" \/>\n<meta property=\"og:type\" content=\"article\" \/>\n<meta property=\"og:title\" content=\"Cookie policy | Albergatori Tropea |\" \/>\n<meta property=\"og:description\" content=\"I cookie sono file di testo che vengono scaricati sul dispositivo quando visiti un sito.  [dedge_didomi_preferences]Consent preferences[\/dedge_didomi_preferences]  Essi consentono a un sito web di riconoscere il dispositivo dell&#039;utente e le sue preferenze ed hanno finalit\u00e0 differenti come ad esempio permettere una navigazione migliore sul sito stesso o ricordare le preferenze dell&#039;utente. In base alla loro finalit\u00e0 ed utilizzo i cookie possono suddividersi in: cookie tecnici; cookie di profilazione; cookie di terze parti.  Le impostazioni dei cookie su questo sito Cookie tecnici I cookie tecnici sono quelli il cui utilizzo non richiede un consenso dell&#039;Utente ai sensi dell&#039;art 122 comma 1 del D.Lgs\" \/>\n<meta property=\"og:url\" content=\"https:\/\/www.albergatoritropea.it\/en\/cookie-policy\/\" \/>\n<meta property=\"og:site_name\" content=\"Albergatori Tropea\" \/>\n<meta property=\"article:publisher\" content=\"https:\/\/www.facebook.com\/associazionealbergatoritropea\/\" \/>\n<meta property=\"article:modified_time\" content=\"2025-10-09T09:40:04+00:00\" \/>\n<meta property=\"og:image\" content=\"https:\/\/www.albergatoritropea.it\/wp-content\/uploads\/sites\/4\/2025\/10\/TROPEA_2.jpg\" \/>\n\t<meta property=\"og:image:width\" content=\"2200\" \/>\n\t<meta property=\"og:image:height\" content=\"1237\" \/>\n\t<meta property=\"og:image:type\" content=\"image\/jpeg\" \/>\n<meta name=\"twitter:card\" content=\"summary_large_image\" \/>\n<meta name=\"twitter:label1\" content=\"Est. reading time\" \/>\n\t<meta name=\"twitter:data1\" content=\"4 minutes\" \/>\n<script type=\"application\/ld+json\" class=\"yoast-schema-graph\">{\"@context\":\"https:\/\/schema.org\",\"@graph\":[{\"@type\":\"WebPage\",\"@id\":\"https:\/\/www.albergatoritropea.it\/en\/cookie-policy\/\",\"url\":\"https:\/\/www.albergatoritropea.it\/en\/cookie-policy\/\",\"name\":\"Cookie policy | Albergatori Tropea |\",\"isPartOf\":{\"@id\":\"https:\/\/www.albergatoritropea.it\/en\/#website\"},\"datePublished\":\"2025-10-09T09:22:55+00:00\",\"dateModified\":\"2025-10-09T09:40:04+00:00\",\"description\":\"I cookie sono file di testo che vengono scaricati sul dispositivo quando visiti un sito. [dedge_didomi_preferences]Consent preferences[\/dedge_didomi_preferences] Essi consentono a un sito web di riconoscere il dispositivo dell'utente e le sue preferenze ed hanno finalit\u00e0 differenti come ad esempio permettere una navigazione migliore sul sito stesso o ricordare le preferenze dell'utente. In base alla loro finalit\u00e0 ed utilizzo i cookie possono suddividersi in: cookie tecnici; cookie di profilazione; cookie di terze parti. Le impostazioni dei cookie su questo sito Cookie tecnici I cookie tecnici sono quelli il cui utilizzo non richiede un consenso dell'Utente ai sensi dell'art 122 comma 1 del D.Lgs\",\"breadcrumb\":{\"@id\":\"https:\/\/www.albergatoritropea.it\/en\/cookie-policy\/#breadcrumb\"},\"inLanguage\":\"en-US\",\"potentialAction\":[{\"@type\":\"ReadAction\",\"target\":[\"https:\/\/www.albergatoritropea.it\/en\/cookie-policy\/\"]}]},{\"@type\":\"BreadcrumbList\",\"@id\":\"https:\/\/www.albergatoritropea.it\/en\/cookie-policy\/#breadcrumb\",\"itemListElement\":[{\"@type\":\"ListItem\",\"position\":1,\"name\":\"Home\",\"item\":\"https:\/\/www.albergatoritropea.it\/en\/\"},{\"@type\":\"ListItem\",\"position\":2,\"name\":\"Cookie policy\"}]},{\"@type\":\"WebSite\",\"@id\":\"https:\/\/www.albergatoritropea.it\/en\/#website\",\"url\":\"https:\/\/www.albergatoritropea.it\/en\/\",\"name\":\"Albergatori Tropea\",\"description\":\"\",\"publisher\":{\"@id\":\"https:\/\/www.albergatoritropea.it\/en\/#organization\"},\"alternateName\":\"Associazione ASALT Albergatori Tropea\",\"potentialAction\":[{\"@type\":\"SearchAction\",\"target\":{\"@type\":\"EntryPoint\",\"urlTemplate\":\"https:\/\/www.albergatoritropea.it\/en\/?s={search_term_string}\"},\"query-input\":{\"@type\":\"PropertyValueSpecification\",\"valueRequired\":true,\"valueName\":\"search_term_string\"}}],\"inLanguage\":\"en-US\"},{\"@type\":\"Organization\",\"@id\":\"https:\/\/www.albergatoritropea.it\/en\/#organization\",\"name\":\"Albergatori Tropea\",\"url\":\"https:\/\/www.albergatoritropea.it\/en\/\",\"logo\":{\"@type\":\"ImageObject\",\"inLanguage\":\"en-US\",\"@id\":\"https:\/\/www.albergatoritropea.it\/en\/#\/schema\/logo\/image\/\",\"url\":\"https:\/\/www.albergatoritropea.it\/wp-content\/uploads\/sites\/4\/2025\/11\/logo-albergatori-tropea-grey.png\",\"contentUrl\":\"https:\/\/www.albergatoritropea.it\/wp-content\/uploads\/sites\/4\/2025\/11\/logo-albergatori-tropea-grey.png\",\"width\":300,\"height\":93,\"caption\":\"Albergatori Tropea\"},\"image\":{\"@id\":\"https:\/\/www.albergatoritropea.it\/en\/#\/schema\/logo\/image\/\"},\"sameAs\":[\"https:\/\/www.facebook.com\/associazionealbergatoritropea\/\",\"https:\/\/www.instagram.com\/albergatoritropea\/\"]}]}<\/script>\n<!-- \/ Yoast SEO plugin. -->","yoast_head_json":{"title":"Cookie policy | Albergatori Tropea |","description":"I cookie sono file di testo che vengono scaricati sul dispositivo quando visiti un sito.  [dedge_didomi_preferences]Consent preferences[\/dedge_didomi_preferences]  Essi consentono a un sito web di riconoscere il dispositivo dell'utente e le sue preferenze ed hanno finalit\u00e0 differenti come ad esempio permettere una navigazione migliore sul sito stesso o ricordare le preferenze dell'utente. In base alla loro finalit\u00e0 ed utilizzo i cookie possono suddividersi in: cookie tecnici; cookie di profilazione; cookie di terze parti.  Le impostazioni dei cookie su questo sito Cookie tecnici I cookie tecnici sono quelli il cui utilizzo non richiede un consenso dell'Utente ai sensi dell'art 122 comma 1 del D.Lgs","robots":{"index":"index","follow":"follow","max-snippet":"max-snippet:-1","max-image-preview":"max-image-preview:large","max-video-preview":"max-video-preview:-1"},"canonical":"https:\/\/www.albergatoritropea.it\/en\/cookie-policy\/","og_locale":"en_US","og_type":"article","og_title":"Cookie policy | Albergatori Tropea |","og_description":"I cookie sono file di testo che vengono scaricati sul dispositivo quando visiti un sito.  [dedge_didomi_preferences]Consent preferences[\/dedge_didomi_preferences]  Essi consentono a un sito web di riconoscere il dispositivo dell'utente e le sue preferenze ed hanno finalit\u00e0 differenti come ad esempio permettere una navigazione migliore sul sito stesso o ricordare le preferenze dell'utente. In base alla loro finalit\u00e0 ed utilizzo i cookie possono suddividersi in: cookie tecnici; cookie di profilazione; cookie di terze parti.  Le impostazioni dei cookie su questo sito Cookie tecnici I cookie tecnici sono quelli il cui utilizzo non richiede un consenso dell'Utente ai sensi dell'art 122 comma 1 del D.Lgs","og_url":"https:\/\/www.albergatoritropea.it\/en\/cookie-policy\/","og_site_name":"Albergatori Tropea","article_publisher":"https:\/\/www.facebook.com\/associazionealbergatoritropea\/","article_modified_time":"2025-10-09T09:40:04+00:00","og_image":[{"width":2200,"height":1237,"url":"https:\/\/www.albergatoritropea.it\/wp-content\/uploads\/sites\/4\/2025\/10\/TROPEA_2.jpg","type":"image\/jpeg"}],"twitter_card":"summary_large_image","twitter_misc":{"Est. reading time":"4 minutes"},"schema":{"@context":"https:\/\/schema.org","@graph":[{"@type":"WebPage","@id":"https:\/\/www.albergatoritropea.it\/en\/cookie-policy\/","url":"https:\/\/www.albergatoritropea.it\/en\/cookie-policy\/","name":"Cookie policy | Albergatori Tropea |","isPartOf":{"@id":"https:\/\/www.albergatoritropea.it\/en\/#website"},"datePublished":"2025-10-09T09:22:55+00:00","dateModified":"2025-10-09T09:40:04+00:00","description":"I cookie sono file di testo che vengono scaricati sul dispositivo quando visiti un sito. [dedge_didomi_preferences]Consent preferences[\/dedge_didomi_preferences] Essi consentono a un sito web di riconoscere il dispositivo dell'utente e le sue preferenze ed hanno finalit\u00e0 differenti come ad esempio permettere una navigazione migliore sul sito stesso o ricordare le preferenze dell'utente. In base alla loro finalit\u00e0 ed utilizzo i cookie possono suddividersi in: cookie tecnici; cookie di profilazione; cookie di terze parti. Le impostazioni dei cookie su questo sito Cookie tecnici I cookie tecnici sono quelli il cui utilizzo non richiede un consenso dell'Utente ai sensi dell'art 122 comma 1 del D.Lgs","breadcrumb":{"@id":"https:\/\/www.albergatoritropea.it\/en\/cookie-policy\/#breadcrumb"},"inLanguage":"en-US","potentialAction":[{"@type":"ReadAction","target":["https:\/\/www.albergatoritropea.it\/en\/cookie-policy\/"]}]},{"@type":"BreadcrumbList","@id":"https:\/\/www.albergatoritropea.it\/en\/cookie-policy\/#breadcrumb","itemListElement":[{"@type":"ListItem","position":1,"name":"Home","item":"https:\/\/www.albergatoritropea.it\/en\/"},{"@type":"ListItem","position":2,"name":"Cookie policy"}]},{"@type":"WebSite","@id":"https:\/\/www.albergatoritropea.it\/en\/#website","url":"https:\/\/www.albergatoritropea.it\/en\/","name":"Albergatori Tropea","description":"","publisher":{"@id":"https:\/\/www.albergatoritropea.it\/en\/#organization"},"alternateName":"Associazione ASALT Albergatori Tropea","potentialAction":[{"@type":"SearchAction","target":{"@type":"EntryPoint","urlTemplate":"https:\/\/www.albergatoritropea.it\/en\/?s={search_term_string}"},"query-input":{"@type":"PropertyValueSpecification","valueRequired":true,"valueName":"search_term_string"}}],"inLanguage":"en-US"},{"@type":"Organization","@id":"https:\/\/www.albergatoritropea.it\/en\/#organization","name":"Albergatori Tropea","url":"https:\/\/www.albergatoritropea.it\/en\/","logo":{"@type":"ImageObject","inLanguage":"en-US","@id":"https:\/\/www.albergatoritropea.it\/en\/#\/schema\/logo\/image\/","url":"https:\/\/www.albergatoritropea.it\/wp-content\/uploads\/sites\/4\/2025\/11\/logo-albergatori-tropea-grey.png","contentUrl":"https:\/\/www.albergatoritropea.it\/wp-content\/uploads\/sites\/4\/2025\/11\/logo-albergatori-tropea-grey.png","width":300,"height":93,"caption":"Albergatori Tropea"},"image":{"@id":"https:\/\/www.albergatoritropea.it\/en\/#\/schema\/logo\/image\/"},"sameAs":["https:\/\/www.facebook.com\/associazionealbergatoritropea\/","https:\/\/www.instagram.com\/albergatoritropea\/"]}]}},"acf":[],"_links":{"self":[{"href":"https:\/\/www.albergatoritropea.it\/en\/wp-json\/wp\/v2\/pages\/584","targetHints":{"allow":["GET"]}}],"collection":[{"href":"https:\/\/www.albergatoritropea.it\/en\/wp-json\/wp\/v2\/pages"}],"about":[{"href":"https:\/\/www.albergatoritropea.it\/en\/wp-json\/wp\/v2\/types\/page"}],"author":[{"embeddable":true,"href":"https:\/\/www.albergatoritropea.it\/en\/wp-json\/wp\/v2\/users\/8"}],"replies":[{"embeddable":true,"href":"https:\/\/www.albergatoritropea.it\/en\/wp-json\/wp\/v2\/comments?post=584"}],"version-history":[{"count":0,"href":"https:\/\/www.albergatoritropea.it\/en\/wp-json\/wp\/v2\/pages\/584\/revisions"}],"wp:attachment":[{"href":"https:\/\/www.albergatoritropea.it\/en\/wp-json\/wp\/v2\/media?parent=584"}],"curies":[{"name":"wp","href":"https:\/\/api.w.org\/{rel}","templated":true}]}}