{"id":582,"date":"2025-10-09T09:05:45","date_gmt":"2025-10-09T09:05:45","guid":{"rendered":"https:\/\/albergatori-tropea.ms3.decms.eu\/privacy-policy\/"},"modified":"2025-10-09T09:19:18","modified_gmt":"2025-10-09T09:19:18","slug":"privacy-policy","status":"publish","type":"page","link":"https:\/\/www.albergatoritropea.it\/en\/privacy-policy\/","title":{"rendered":"Privacy Policy"},"content":{"rendered":"<p>Informativa per il trattamento dei dati personali \u2013 GDPR 1.0<\/p>\n<p><strong>ASALT &#8211; Associazione Albergatori Tropea<\/strong>, con sede legale\u00a0 Piazza Vittorio Veneto Tropea, 89861 (VV) (in seguito denominata\u00a0\u00a0<strong>&#8220;Titolare\u201d<\/strong>), in qualit\u00e0 di titolare del trattamento Dati, Vi informa ai sensi dell&#8217;art. 13 D.Lgs. 30.06.2003 n. 196 (in seguito denominato \u201cCodice Privacy\u201d) e dell&#8217;art. 13 Regolamento UE n. 2016\/679 (in seguito denominato \u201cGDPR&#8221;) che i Vostri dati saranno trattati nel sito www.albergatoritropea.it con le seguenti modalit\u00e0 e finalit\u00e0:<\/p>\n<p><strong>1. Oggetto del trattamento<\/strong><\/p>\n<p>Oggetto del trattamento sono i dati personali, identificativi e non sensibili (a titolo esemplificativo ma non esaustivo: nome, cognome, ragione sociale, indirizzo, telefono, e-mail &#8211; in seguito denominati\u00a0\u00a0<strong>&#8220;dati personali\u201d<\/strong>\u00a0o anche \u201cdati&#8221;) che il Titolare tratta poich\u00e9 da Voi comunicati in occasione della registrazione al sito web www.albergatoritropea.it, in occasione della partecipazione a sondaggi di opinione e di gradimento, compilazione di form nel Sito, iscrizione ad eventi organizzati dal titolare, richieste on-line di supporto o generiche e richieste di iscrizione a mailing list per l\u2019invio di newsletter.<\/p>\n<p><strong>2. Finalit\u00e0 del trattamento<\/strong><\/p>\n<p>I Vostri dati personali sono trattati con le seguenti modalit\u00e0:<\/p>\n<ol>\n<li>A)\u00a0<strong>senza<\/strong>\u00a0il Vostro consenso espresso (art. 24 lett. a), b), c) Codice Privacy e art. 6 lett. b), e) GDPR), per le seguenti Finalit\u00e0 di Servizio:<\/li>\n<\/ol>\n<ul>\n<li>gestire e manutenere il Sito o garantirne il corretto funzionamento;<\/li>\n<li>permettere la fruizione dei Servizi eventualmente da Voi richiesti;<\/li>\n<li>partecipare tramite il Sito ad iniziative organizzate dal Titolare (come eventi, ecc);<\/li>\n<li>processare una richiesta di preventivo o contatto generico;<\/li>\n<li>adempiere agli obblighi previsti dalla legge, da un regolamento, dalla normativa comunitaria o da un ordine dell&#8217;Autorit\u00e0;<\/li>\n<li>adempiere agli obblighi connessi alla gestione dell&#8217;associazione e dei rapporti con i soci;<\/li>\n<li>realizzare attivit\u00e0 inerenti lo scopo statutario della ASALT &#8211; Associazione Albergatori Tropea;<\/li>\n<li>prevenire o scoprire attivit\u00e0 fraudolente o abusi dannosi per il Sito;<\/li>\n<li>esercitare i diritti del Titolare, come ad esempio il diritto di esercizio di un diritto in sede giudiziaria.<\/li>\n<\/ul>\n<ol>\n<li>B) Solo previo Vostro specifico e distinto consenso (artt. 23 e 130 Codice Privacy e art. 7 GDPR), per le seguenti Altre Finalit\u00e0:<\/li>\n<\/ol>\n<ul>\n<li>inviare e-mail per sondaggi di opinione e di gradimento, newsletter e\/o inviti ad eventi o iscriverVi ad eventi di cui \u00e8 parte o che organizza il Titolare, newsletter promozionali o commerciali.<\/li>\n<\/ul>\n<p><strong>3. Modalit\u00e0 del trattamento<\/strong><\/p>\n<p>Il trattamento dei dati personali \u00e8 realizzato per mezzo delle operazioni indicate all&#8217;art. 4 Codice Privacy e all&#8217;art. 4 n. 2) GDPR e precisamente: raccolta, registrazione, organizzazione, conservazione, consultazione, elaborazione, modificazione, selezione, estrazione, raffronto, utilizzo, interconnessione, blocco, comunicazione, cancellazione e distruzione dei dati. I Vostri dati personali sono sottoposti a trattamento sia cartaceo che elettronico e\/o automatizzato, mediante l&#8217;uso di sito web ospitato su Cloud o server gestito dalla societ\u00e0 ENGINE LAB srls in Italia o altro paese Europeo e non. Il Titolare tratter\u00e0 i dati personali per il tempo necessario ad adempiere alle finalit\u00e0 di cui sopra e comunque per non oltre 10 anni dalla cessazione del rapporto per le Finalit\u00e0 di Servizio e per non oltre 2 anni dalla raccolta dei dati per le Altre Finalit\u00e0.<\/p>\n<p><strong>4. Sicurezza<\/strong><\/p>\n<p>Il Titolare ha adottato varie misure di sicurezza per proteggere i Vostri dati contro il rischio di perdita, abuso o alterazione. In particolare: ha adottato le misure di cui agli artt. 32-34 Codice Privacy e all&#8217;art. 32 GDPR e i protocolli protetti di trasmissione dei dati noti come HTTPS;<\/p>\n<p><strong>5. Accesso ai dati<\/strong><\/p>\n<p>I Vostri dati potranno essere resi accessibili per le finalit\u00e0 di cui all&#8217;art. 2.A) e 2.B):<\/p>\n<ul>\n<li>a dipendenti e collaboratori del Titolare, nella loro qualit\u00e0 di incaricati e\/o responsabili interni del trattamento e\/o amministratori di sistema;<\/li>\n<li>a societ\u00e0 terze o altri soggetti (a titolo indicativo: ENGINE LAB Srl, OVH Srl, Aruba Spa, NetSons Spa, Cycom China Ltd e altri provider del sito web, Google Llc, Hotjar Ltd, altri cloud provider, provider servizio e-payment, fornitori, tecnici addetti all&#8217;assistenza hardware e software, spedizionieri e vettori, istituti di credito, studi professionali, etc.) che svolgono attivit\u00e0 in outsourcing per conto del Titolare, nella loro qualit\u00e0 di responsabili del trattamento.<\/li>\n<li>Societ\u00e0 terze fornitrici di sistemi di invio newsletter e altri servizi di customer satisfaction (a titolo indicativo: The Rocket Science Group Llc, Engine Lab Srl, Mailup Spa, Qualitando Srl<\/li>\n<\/ul>\n<p><strong>6. Comunicazione dei dati<\/strong><\/p>\n<p>I Vostri dati non saranno diffusi senza vostro consenso.<\/p>\n<p>Senza il Vostro espresso consenso (ex art. 24 lett. a), b), d) Codice Privacy e art. 6 lett. b) e c) GDPR), il Titolare potr\u00e0 invece comunicare i Vostri dati per le finalit\u00e0 di cui all&#8217;art. 2.A) a Organismi di vigilanza, Autorit\u00e0 giudiziarie nonch\u00e9 a tutti gli altri soggetti ai quali la comunicazione sia obbligatoria per legge per l&#8217;espletamento delle finalit\u00e0 dette.<\/p>\n<p>Il sito potrebbe eseguire il tracciamento dei dati di navigazione per attivit\u00e0 di Keyword Advertising con funzioni di re-marketing senza che gli stessi dati identifichino in alcun modo il diretto interessato.<\/p>\n<p><strong>7. Trasferimento dati<\/strong><\/p>\n<p>La gestione e la conservazione dei dati personali avverr\u00e0 in Europa, su server ubicati in Italia (o altra nazione) del Titolare e\/o di societ\u00e0 terze incaricate e debitamente nominate quali Responsabili del trattamento.<\/p>\n<p><strong>8. Natura del conferimento dei dati e conseguenze del rifiuto di rispondere<\/strong><\/p>\n<p>Il conferimento dei dati per le finalit\u00e0 di cui all&#8217;art. 2.A) \u00e8 obbligatorio. In loro assenza, non potremo garantirVi n\u00e9 la registrazione al Sito n\u00e9 i Servizi dell&#8217;art. 2.A).<\/p>\n<p>Il conferimento dei dati per le finalit\u00e0 di cui all&#8217;art. 2.B) \u00e8 invece facoltativo. Potete quindi decidere di non conferire alcun dato o di negare successivamente la possibilit\u00e0 di trattare dati gi\u00e0 forniti: in tal caso, non potrete ricevere via e-mail inviti ad eventi, newsletter, sondaggi di opinione e di gradimento e promozioni. In ogni caso continuerete ad avere diritto ai Servizi di cui all&#8217;art. 2.A).<\/p>\n<p><strong>9. Diritti dell&#8217;interessato<\/strong><\/p>\n<p>In qualit\u00e0 di interessati, avete i diritti di cui all&#8217;art. 7 Codice Privacy e art. 15 GDPR e precisamente di:<\/p>\n<ul>\n<li>i. ottenere la conferma dell&#8217;esistenza o meno di dati personali che Vi riguardano, anche se non ancora registrati, e la loro comunicazione in forma intelligibile;<\/li>\n<li>ii. ottenere l&#8217;indicazione: a) dell&#8217;origine dei dati personali; b) delle finalit\u00e0 e modalit\u00e0 del trattamento; c) della logica applicata in caso di trattamento effettuato con l&#8217;ausilio di strumenti elettronici; d) degli estremi identificativi del titolare, dei responsabili e del rappresentante designato ai sensi dell&#8217;art. 5, comma 2 Codice Privacy e art. 3, comma 1, GDPR; e) dei soggetti o delle categorie di soggetti ai quali i dati personali possono essere comunicati o che possono venirne a conoscenza in qualit\u00e0 di rappresentante designato nel territorio dello Stato, di responsabili o incaricati;<\/li>\n<li>iii. ottenere: a) l&#8217;aggiornamento, la rettificazione ovvero, quando vi avete interesse, l&#8217;integrazione dei dati; b) la cancellazione, la trasformazione in forma anonima o il blocco dei dati trattati in violazione di legge, compresi quelli di cui non \u00e8 necessaria la conservazione in relazione agli scopi per i quali i dati sono stati raccolti o successivamente trattati; c) l&#8217;attestazione che le operazioni di cui alle lettere a) e b) sono state portate a conoscenza, anche per quanto riguarda il loro contenuto, di coloro ai quali i dati sono stati comunicati o diffusi, eccettuato il caso in cui tale adempimento si rivela impossibile o comporta un impiego di mezzi manifestamente sproporzionato rispetto al diritto tutelato;<\/li>\n<li>iv. opporsi, in tutto o in parte: a) per motivi legittimi al trattamento dei dati personali che Vi riguardano, ancorch\u00e9 pertinenti allo scopo della raccolta; b) al trattamento di dati personali che Vi riguardano a fini di invio di materiale pubblicitario o di vendita diretta o per il compimento di ricerche di mercato o di comunicazione commerciale, mediante l&#8217;uso di sistemi automatizzati di chiamata senza l&#8217;intervento di un operatore mediante e-mail e\/o mediante modalit\u00e0 di marketing tradizionali mediante telefono e\/o posta cartacea. Si fa presente che il diritto di opposizione dell&#8217;interessato, esposto al precedente punto b), per finalit\u00e0 di marketing diretto mediante modalit\u00e0 automatizzate si estende a quelle tradizionali e che comunque resta salva la possibilit\u00e0 per l&#8217;interessato di esercitare il diritto di opposizione anche solo in parte. Pertanto, l&#8217;interessato pu\u00f2 decidere di ricevere solo comunicazioni mediante modalit\u00e0 tradizionali ovvero solo comunicazioni automatizzate oppure nessuna delle due tipologie di comunicazione.<\/li>\n<\/ul>\n<p>Ove applicabili, avete altres\u00ec i diritti di cui agli artt. 16-21 GDPR (Diritto di rettifica, diritto all&#8217;oblio, diritto di limitazione di trattamento, diritto alla portabilit\u00e0 dei dati, diritto di opposizione), nonch\u00e9 il diritto di reclamo all&#8217;Autorit\u00e0 Garante.<\/p>\n<p><strong>10. Modalit\u00e0 di esercizio dei diritti<\/strong><\/p>\n<p>Potrete in qualsiasi momento esercitare i diritti inviando:<\/p>\n<ul>\n<li>una raccomandata a.r. alla ASALT &#8211; Associazione Albergatori Tropea, Piazza Vittorio Veneto Tropea, 89861 (VV)<\/li>\n<li>una e-mail all&#8217;indirizzo info@albergatoritropea.it.<\/li>\n<\/ul>\n<p><strong>11. Minori<\/strong><\/p>\n<p>Questo Sito e i Servizi del Titolare NON sono destinati a minori di 18 anni e il Titolare NON raccoglie intenzionalmente informazioni personali riferite ai minori. Nel caso in cui informazioni su minori fossero involontariamente registrate, il Titolare le canceller\u00e0 in modo tempestivo, su richiesta degli utenti.<\/p>\n<p><strong>12. Titolare, responsabile e incaricati<\/strong><\/p>\n<p>Il Titolare del trattamento \u00e8 ASALT &#8211; Associazione Albergatori Tropea con sede legale in Piazza Vittorio Veneto Tropea, 89861 (VV) .<\/p>\n<p>Responsabili esterni del trattamento, sono, rispettivamente, Google llc che possono trattare i Vostri dati anche autonomamente in qualit\u00e0 di autonomi titolari per le finalit\u00e0 della propria informativa.<\/p>\n<p>L&#8217;elenco aggiornato dei responsabili e degli incaricati al trattamento \u00e8 custodito presso la sede del Titolare del trattamento.<\/p>\n<p><strong>13. Modifiche alla presente Informativa<\/strong><\/p>\n<p>La presente Informativa pu\u00f2 subire variazioni. Si consiglia, quindi, di controllare regolarmente questa Informativa e di riferirsi alla versione pi\u00f9 aggiornata.<\/p>\n","protected":false},"excerpt":{"rendered":"<p>Informativa per il trattamento dei dati personali \u2013 GDPR 1.0 ASALT &#8211; Associazione Albergatori Tropea, con sede legale\u00a0 Piazza Vittorio Veneto Tropea, 89861 (VV) (in seguito denominata\u00a0\u00a0&#8220;Titolare\u201d), in qualit\u00e0 di titolare del trattamento Dati, Vi informa ai sensi dell&#8217;art. 13 D.Lgs. 30.06.2003 n. 196 (in seguito denominato \u201cCodice Privacy\u201d) e dell&#8217;art. 13 Regolamento UE n. [&hellip;]<\/p>\n","protected":false},"author":8,"featured_media":0,"parent":0,"menu_order":999,"comment_status":"closed","ping_status":"closed","template":"","meta":{"footnotes":""},"class_list":["post-582","page","type-page","status-publish","hentry"],"yoast_head":"<!-- This site is optimized with the Yoast SEO plugin v26.9 - https:\/\/yoast.com\/product\/yoast-seo-wordpress\/ -->\n<title>Privacy Policy | Albergatori Tropea |<\/title>\n<meta name=\"description\" content=\"Informativa per il trattamento dei dati personali \u2013 GDPR 1.0  ASALT - Associazione Albergatori Tropea, con sede legale\u00a0 Piazza Vittorio Veneto Tropea, 89861 (VV) (in seguito denominata\u00a0\u00a0&quot;Titolare\u201d), in qualit\u00e0 di titolare del trattamento Dati, Vi informa ai sensi dell&#039;art. 13 D.Lgs\" \/>\n<meta name=\"robots\" content=\"index, follow, max-snippet:-1, max-image-preview:large, max-video-preview:-1\" \/>\n<link rel=\"canonical\" href=\"https:\/\/www.albergatoritropea.it\/en\/privacy-policy\/\" \/>\n<meta property=\"og:locale\" content=\"en_US\" \/>\n<meta property=\"og:type\" content=\"article\" \/>\n<meta property=\"og:title\" content=\"Privacy Policy | Albergatori Tropea |\" \/>\n<meta property=\"og:description\" content=\"Informativa per il trattamento dei dati personali \u2013 GDPR 1.0  ASALT - Associazione Albergatori Tropea, con sede legale\u00a0 Piazza Vittorio Veneto Tropea, 89861 (VV) (in seguito denominata\u00a0\u00a0&quot;Titolare\u201d), in qualit\u00e0 di titolare del trattamento Dati, Vi informa ai sensi dell&#039;art. 13 D.Lgs\" \/>\n<meta property=\"og:url\" content=\"https:\/\/www.albergatoritropea.it\/en\/privacy-policy\/\" \/>\n<meta property=\"og:site_name\" content=\"Albergatori Tropea\" \/>\n<meta property=\"article:publisher\" content=\"https:\/\/www.facebook.com\/associazionealbergatoritropea\/\" \/>\n<meta property=\"article:modified_time\" content=\"2025-10-09T09:19:18+00:00\" \/>\n<meta property=\"og:image\" content=\"https:\/\/www.albergatoritropea.it\/wp-content\/uploads\/sites\/4\/2025\/10\/TROPEA_2.jpg\" \/>\n\t<meta property=\"og:image:width\" content=\"2200\" \/>\n\t<meta property=\"og:image:height\" content=\"1237\" \/>\n\t<meta property=\"og:image:type\" content=\"image\/jpeg\" \/>\n<meta name=\"twitter:card\" content=\"summary_large_image\" \/>\n<meta name=\"twitter:label1\" content=\"Est. reading time\" \/>\n\t<meta name=\"twitter:data1\" content=\"7 minutes\" \/>\n<script type=\"application\/ld+json\" class=\"yoast-schema-graph\">{\"@context\":\"https:\/\/schema.org\",\"@graph\":[{\"@type\":\"WebPage\",\"@id\":\"https:\/\/www.albergatoritropea.it\/en\/privacy-policy\/\",\"url\":\"https:\/\/www.albergatoritropea.it\/en\/privacy-policy\/\",\"name\":\"Privacy Policy | Albergatori Tropea |\",\"isPartOf\":{\"@id\":\"https:\/\/www.albergatoritropea.it\/en\/#website\"},\"datePublished\":\"2025-10-09T09:05:45+00:00\",\"dateModified\":\"2025-10-09T09:19:18+00:00\",\"description\":\"Informativa per il trattamento dei dati personali \u2013 GDPR 1.0 ASALT - Associazione Albergatori Tropea, con sede legale\u00a0 Piazza Vittorio Veneto Tropea, 89861 (VV) (in seguito denominata\u00a0\u00a0\\\"Titolare\u201d), in qualit\u00e0 di titolare del trattamento Dati, Vi informa ai sensi dell'art. 13 D.Lgs\",\"breadcrumb\":{\"@id\":\"https:\/\/www.albergatoritropea.it\/en\/privacy-policy\/#breadcrumb\"},\"inLanguage\":\"en-US\",\"potentialAction\":[{\"@type\":\"ReadAction\",\"target\":[\"https:\/\/www.albergatoritropea.it\/en\/privacy-policy\/\"]}]},{\"@type\":\"BreadcrumbList\",\"@id\":\"https:\/\/www.albergatoritropea.it\/en\/privacy-policy\/#breadcrumb\",\"itemListElement\":[{\"@type\":\"ListItem\",\"position\":1,\"name\":\"Home\",\"item\":\"https:\/\/www.albergatoritropea.it\/en\/\"},{\"@type\":\"ListItem\",\"position\":2,\"name\":\"Privacy Policy\"}]},{\"@type\":\"WebSite\",\"@id\":\"https:\/\/www.albergatoritropea.it\/en\/#website\",\"url\":\"https:\/\/www.albergatoritropea.it\/en\/\",\"name\":\"Albergatori Tropea\",\"description\":\"\",\"publisher\":{\"@id\":\"https:\/\/www.albergatoritropea.it\/en\/#organization\"},\"alternateName\":\"Associazione ASALT Albergatori Tropea\",\"potentialAction\":[{\"@type\":\"SearchAction\",\"target\":{\"@type\":\"EntryPoint\",\"urlTemplate\":\"https:\/\/www.albergatoritropea.it\/en\/?s={search_term_string}\"},\"query-input\":{\"@type\":\"PropertyValueSpecification\",\"valueRequired\":true,\"valueName\":\"search_term_string\"}}],\"inLanguage\":\"en-US\"},{\"@type\":\"Organization\",\"@id\":\"https:\/\/www.albergatoritropea.it\/en\/#organization\",\"name\":\"Albergatori Tropea\",\"url\":\"https:\/\/www.albergatoritropea.it\/en\/\",\"logo\":{\"@type\":\"ImageObject\",\"inLanguage\":\"en-US\",\"@id\":\"https:\/\/www.albergatoritropea.it\/en\/#\/schema\/logo\/image\/\",\"url\":\"https:\/\/www.albergatoritropea.it\/wp-content\/uploads\/sites\/4\/2025\/11\/logo-albergatori-tropea-grey.png\",\"contentUrl\":\"https:\/\/www.albergatoritropea.it\/wp-content\/uploads\/sites\/4\/2025\/11\/logo-albergatori-tropea-grey.png\",\"width\":300,\"height\":93,\"caption\":\"Albergatori Tropea\"},\"image\":{\"@id\":\"https:\/\/www.albergatoritropea.it\/en\/#\/schema\/logo\/image\/\"},\"sameAs\":[\"https:\/\/www.facebook.com\/associazionealbergatoritropea\/\",\"https:\/\/www.instagram.com\/albergatoritropea\/\"]}]}<\/script>\n<!-- \/ Yoast SEO plugin. -->","yoast_head_json":{"title":"Privacy Policy | Albergatori Tropea |","description":"Informativa per il trattamento dei dati personali \u2013 GDPR 1.0  ASALT - Associazione Albergatori Tropea, con sede legale\u00a0 Piazza Vittorio Veneto Tropea, 89861 (VV) (in seguito denominata\u00a0\u00a0\"Titolare\u201d), in qualit\u00e0 di titolare del trattamento Dati, Vi informa ai sensi dell'art. 13 D.Lgs","robots":{"index":"index","follow":"follow","max-snippet":"max-snippet:-1","max-image-preview":"max-image-preview:large","max-video-preview":"max-video-preview:-1"},"canonical":"https:\/\/www.albergatoritropea.it\/en\/privacy-policy\/","og_locale":"en_US","og_type":"article","og_title":"Privacy Policy | Albergatori Tropea |","og_description":"Informativa per il trattamento dei dati personali \u2013 GDPR 1.0  ASALT - Associazione Albergatori Tropea, con sede legale\u00a0 Piazza Vittorio Veneto Tropea, 89861 (VV) (in seguito denominata\u00a0\u00a0\"Titolare\u201d), in qualit\u00e0 di titolare del trattamento Dati, Vi informa ai sensi dell'art. 13 D.Lgs","og_url":"https:\/\/www.albergatoritropea.it\/en\/privacy-policy\/","og_site_name":"Albergatori Tropea","article_publisher":"https:\/\/www.facebook.com\/associazionealbergatoritropea\/","article_modified_time":"2025-10-09T09:19:18+00:00","og_image":[{"width":2200,"height":1237,"url":"https:\/\/www.albergatoritropea.it\/wp-content\/uploads\/sites\/4\/2025\/10\/TROPEA_2.jpg","type":"image\/jpeg"}],"twitter_card":"summary_large_image","twitter_misc":{"Est. reading time":"7 minutes"},"schema":{"@context":"https:\/\/schema.org","@graph":[{"@type":"WebPage","@id":"https:\/\/www.albergatoritropea.it\/en\/privacy-policy\/","url":"https:\/\/www.albergatoritropea.it\/en\/privacy-policy\/","name":"Privacy Policy | Albergatori Tropea |","isPartOf":{"@id":"https:\/\/www.albergatoritropea.it\/en\/#website"},"datePublished":"2025-10-09T09:05:45+00:00","dateModified":"2025-10-09T09:19:18+00:00","description":"Informativa per il trattamento dei dati personali \u2013 GDPR 1.0 ASALT - Associazione Albergatori Tropea, con sede legale\u00a0 Piazza Vittorio Veneto Tropea, 89861 (VV) (in seguito denominata\u00a0\u00a0\"Titolare\u201d), in qualit\u00e0 di titolare del trattamento Dati, Vi informa ai sensi dell'art. 13 D.Lgs","breadcrumb":{"@id":"https:\/\/www.albergatoritropea.it\/en\/privacy-policy\/#breadcrumb"},"inLanguage":"en-US","potentialAction":[{"@type":"ReadAction","target":["https:\/\/www.albergatoritropea.it\/en\/privacy-policy\/"]}]},{"@type":"BreadcrumbList","@id":"https:\/\/www.albergatoritropea.it\/en\/privacy-policy\/#breadcrumb","itemListElement":[{"@type":"ListItem","position":1,"name":"Home","item":"https:\/\/www.albergatoritropea.it\/en\/"},{"@type":"ListItem","position":2,"name":"Privacy Policy"}]},{"@type":"WebSite","@id":"https:\/\/www.albergatoritropea.it\/en\/#website","url":"https:\/\/www.albergatoritropea.it\/en\/","name":"Albergatori Tropea","description":"","publisher":{"@id":"https:\/\/www.albergatoritropea.it\/en\/#organization"},"alternateName":"Associazione ASALT Albergatori Tropea","potentialAction":[{"@type":"SearchAction","target":{"@type":"EntryPoint","urlTemplate":"https:\/\/www.albergatoritropea.it\/en\/?s={search_term_string}"},"query-input":{"@type":"PropertyValueSpecification","valueRequired":true,"valueName":"search_term_string"}}],"inLanguage":"en-US"},{"@type":"Organization","@id":"https:\/\/www.albergatoritropea.it\/en\/#organization","name":"Albergatori Tropea","url":"https:\/\/www.albergatoritropea.it\/en\/","logo":{"@type":"ImageObject","inLanguage":"en-US","@id":"https:\/\/www.albergatoritropea.it\/en\/#\/schema\/logo\/image\/","url":"https:\/\/www.albergatoritropea.it\/wp-content\/uploads\/sites\/4\/2025\/11\/logo-albergatori-tropea-grey.png","contentUrl":"https:\/\/www.albergatoritropea.it\/wp-content\/uploads\/sites\/4\/2025\/11\/logo-albergatori-tropea-grey.png","width":300,"height":93,"caption":"Albergatori Tropea"},"image":{"@id":"https:\/\/www.albergatoritropea.it\/en\/#\/schema\/logo\/image\/"},"sameAs":["https:\/\/www.facebook.com\/associazionealbergatoritropea\/","https:\/\/www.instagram.com\/albergatoritropea\/"]}]}},"acf":[],"_links":{"self":[{"href":"https:\/\/www.albergatoritropea.it\/en\/wp-json\/wp\/v2\/pages\/582","targetHints":{"allow":["GET"]}}],"collection":[{"href":"https:\/\/www.albergatoritropea.it\/en\/wp-json\/wp\/v2\/pages"}],"about":[{"href":"https:\/\/www.albergatoritropea.it\/en\/wp-json\/wp\/v2\/types\/page"}],"author":[{"embeddable":true,"href":"https:\/\/www.albergatoritropea.it\/en\/wp-json\/wp\/v2\/users\/8"}],"replies":[{"embeddable":true,"href":"https:\/\/www.albergatoritropea.it\/en\/wp-json\/wp\/v2\/comments?post=582"}],"version-history":[{"count":0,"href":"https:\/\/www.albergatoritropea.it\/en\/wp-json\/wp\/v2\/pages\/582\/revisions"}],"wp:attachment":[{"href":"https:\/\/www.albergatoritropea.it\/en\/wp-json\/wp\/v2\/media?parent=582"}],"curies":[{"name":"wp","href":"https:\/\/api.w.org\/{rel}","templated":true}]}}